{"id":1123,"date":"2019-12-19T15:29:59","date_gmt":"2019-12-19T14:29:59","guid":{"rendered":"http:\/\/tms.iloworks.be\/nos-vehicules\/"},"modified":"2021-02-02T14:51:37","modified_gmt":"2021-02-02T13:51:37","slug":"voertuigen","status":"publish","type":"page","link":"https:\/\/tmslimousine.com\/nl\/voertuigen\/","title":{"rendered":"Voertuigen"},"content":{"rendered":"<section class=\"wpb-content-wrapper\"><p>[vc_row padding_top_multiplier=&#8221;3x&#8221; padding_bottom_multiplier=&#8221;&#8221; font_color=&#8221;#978050&#8243; el_class=&#8221;section_title vh_section&#8221;][vc_column text_align=&#8221;center&#8221; el_class=&#8221;blue-box&#8221; font_color=&#8221;#978050&#8243;]<h1 class=\"grve-element grve-title grve-align-center grve-h1\" style=\"\"><span>Voertuigen<span class=\"grve-title-line grve-bg-primary-2\" style=\"width: 200px;height: 5px;\"><\/span><\/span><\/h1><div class=\"grve-empty-space grve-height-1x\" style=\"\"><\/div>[vc_column_text text_style=&#8221;leader-text&#8221; el_class=&#8221;text-black-bold&#8221;]TMS Limousine biedt u topklasse voertuigen[\/vc_column_text][\/vc_column][\/vc_row][vc_row padding_bottom_multiplier=&#8221;2x&#8221;][vc_column][vc_column_text]<\/p>\n<p style=\"text-align: center;\">De voertuigen van onze vloot zijn erkend voor het vervoer van personen tegen betaling type \u201cLimousine\u201d en beantwoorden aan de vigerende wetgeving.<br \/>\nOnze recente voertuigen zijn rookvrij en voorzien van alle veiligheidsapparatuur en technologische snufjes.<br \/>\nOp eenvoudig verzoek rusten wij het bestelde voertuig uit met een kinderstoel.<br \/>\nTMS Limousine draagt het\u00a0leefmilieueen groot hart toe en past zijn wagenpark aan door te opteren voor voertuigen met een hybride technologie, die minder CO<sup>2<\/sup> uitstoot.<br \/>\nVoor het vervoer van groepen tussen 16 en 80 personen kunnen wij verschillende soorten busjes\/cars ter beschikking stellen.<\/p>\n<p>[\/vc_column_text][\/vc_column][\/vc_row][vc_row section_id=&#8221;nl-vehicules&#8221;][vc_column]<h2 class=\"grve-element grve-title grve-align-center grve-h4\" style=\"\"><span>Ontdek ons assortiment<span class=\"grve-title-line grve-bg-primary-2\" style=\"width: 120px;height: 2px;\"><\/span><\/span><\/h2><div class=\"grve-empty-space grve-height-1x\" style=\"\"><\/div>\t\t\t<div class=\"grve-element grve-with-gap grve-portfolio grve-isotope line-model nl-line-model\" style=\"\" data-spinner=\"no\" data-columns=\"3\" data-columns-large-screen=\"3\" data-columns-tablet-landscape=\"2\" data-columns-tablet-portrait=\"2\" data-columns-mobile=\"1\" data-layout=\"fitRows\" data-gutter-size=\"50\">\r\n\t\t\t\t\t\t<div class=\"grve-filter grve-filter-style-button grve-align-center grve-link-text grve-link-text grve-filter-shape-square grve-filter-color-primary-2\" data-gototop=\"yes\">\r\n\t\t\t\t\t<ul>\r\n\t\t\t\t\t\t<li data-filter=\"*\" class=\"selected\"><span>Alle<\/span><\/li><li data-filter=\".portfolio_category-1luxe-nl\"><span>Luxe<\/span><\/li><li data-filter=\".portfolio_category-2vans-nl\"><span>Vans<\/span><\/li><li data-filter=\".portfolio_category-3oldtimer-nl\"><span>Oldtimer<\/span><\/li>\t\t\t\t\t<\/ul>\r\n\t\t\t\t<\/div>\r\n\t\t\r\n\t\t\t<div class=\"grve-isotope-container\">\r\n\t\t\t\t\t\t\t<article id=\"portfolio-1190-69d8ce6e55585\" class=\"grve-isotope-item grve-portfolio-item  post-1190 portfolio type-portfolio status-publish has-post-thumbnail hentry portfolio_category-1luxe-nl\">\r\n\t\t\t\t\t\t<div class=\"grve-isotope-item-inner grve-hover-item grve-zoom-in grve-hover-style-4\">\t\t\t\t\t\t\t\t\t<figure class=\"grve-image-hover grve-media\">\r\n\t\t\t\t\t\t\t\t\t\t<a class=\"grve-item-url\" aria-label=\"MERCEDES E CLASS\" href=\"https:\/\/tmslimousine.com\/nl\/portfolio\/mercedes-e-class\/\"><\/a>\t\t\t\t\t\t\t\t\t\t\t\t\t\t\t\t\t\t\t\t\t<div class=\"grve-bg-primary-1 grve-hover-overlay grve-opacity-0\"><\/div>\r\n\t\t\t\t\t\t\t\t\t\t\t\t\t\t\t\t\t\t\t\t<img loading=\"lazy\" decoding=\"async\" width=\"357\" height=\"386\" src=\"https:\/\/tmslimousine.com\/wp-content\/uploads\/2020\/01\/mercedes-s-class-1.jpg\" class=\"attachment-movedo-grve-small-square size-movedo-grve-small-square\" alt=\"Mercedes class E\" srcset=\"https:\/\/tmslimousine.com\/wp-content\/uploads\/2020\/01\/mercedes-s-class-1.jpg 357w, https:\/\/tmslimousine.com\/wp-content\/uploads\/2020\/01\/mercedes-s-class-1-277x300.jpg 277w\" sizes=\"(max-width: 357px) 100vw, 357px\" \/>\t\t\t\t\t\t\t\t\t\t\t\t\t\t\t\t\t\t\t\t<figcaption class=\"grve-content grve-align-center grve-box-item grve-bg-white\">\r\n\t\t\t\t\t\t\t\t\t\t\t\t\t\t\t\t\t\t\t\t\t\t\t\t\t\t\t\t\t\t\t\t\t<h3 class=\"grve-title grve-text-black grve-h4\">MERCEDES E CLASS<\/h3>\r\n\t\t\t\t\t\t\t\t\t\t\t\t\t\t\t\t\t\t\t\t\t\t\t\t\t\t\t\t\t\t\t\t\t\t\t\t\t\t\t\t\t\t\t\t\t\t\t\t\t\t\t\t\t\t\t\t\t\t\t\t\t\t\t\t\t<\/figcaption>\r\n\t\t\t\t\t\t\t\t\t\t\t\t\t\t\t\t\t\t\t<\/figure>\r\n\t\t\t\t\t\t\t\t\t\t\t\t\t<\/div>\r\n\t\t\t\t\t<\/article>\r\n\t\t\t\t\t<article id=\"portfolio-1197-69d8ce6e56074\" class=\"grve-isotope-item grve-portfolio-item  post-1197 portfolio type-portfolio status-publish has-post-thumbnail hentry portfolio_category-1luxe-nl\">\r\n\t\t\t\t\t\t<div class=\"grve-isotope-item-inner grve-hover-item grve-zoom-in grve-hover-style-4\">\t\t\t\t\t\t\t\t\t<figure class=\"grve-image-hover grve-media\">\r\n\t\t\t\t\t\t\t\t\t\t<a class=\"grve-item-url\" aria-label=\"BMW 7 Series\" href=\"https:\/\/tmslimousine.com\/nl\/portfolio\/bmw-7-serie\/\"><\/a>\t\t\t\t\t\t\t\t\t\t\t\t\t\t\t\t\t\t\t\t\t<div class=\"grve-bg-primary-1 grve-hover-overlay grve-opacity-0\"><\/div>\r\n\t\t\t\t\t\t\t\t\t\t\t\t\t\t\t\t\t\t\t\t<img loading=\"lazy\" decoding=\"async\" width=\"357\" height=\"386\" src=\"https:\/\/tmslimousine.com\/wp-content\/uploads\/2020\/01\/bmw-serie7.jpg\" class=\"attachment-movedo-grve-small-square size-movedo-grve-small-square\" alt=\"BMW S\u00e9rie 7\" srcset=\"https:\/\/tmslimousine.com\/wp-content\/uploads\/2020\/01\/bmw-serie7.jpg 357w, https:\/\/tmslimousine.com\/wp-content\/uploads\/2020\/01\/bmw-serie7-277x300.jpg 277w\" sizes=\"(max-width: 357px) 100vw, 357px\" \/>\t\t\t\t\t\t\t\t\t\t\t\t\t\t\t\t\t\t\t\t<figcaption class=\"grve-content grve-align-center grve-box-item grve-bg-white\">\r\n\t\t\t\t\t\t\t\t\t\t\t\t\t\t\t\t\t\t\t\t\t\t\t\t\t\t\t\t\t\t\t\t\t<h3 class=\"grve-title grve-text-black grve-h4\">BMW 7 Series<\/h3>\r\n\t\t\t\t\t\t\t\t\t\t\t\t\t\t\t\t\t\t\t\t\t\t\t\t\t\t\t\t\t\t\t\t\t\t\t\t\t\t\t\t\t\t\t\t\t\t\t\t\t\t\t\t\t\t\t\t\t\t\t\t\t\t\t\t\t<\/figcaption>\r\n\t\t\t\t\t\t\t\t\t\t\t\t\t\t\t\t\t\t\t<\/figure>\r\n\t\t\t\t\t\t\t\t\t\t\t\t\t<\/div>\r\n\t\t\t\t\t<\/article>\r\n\t\t\t\t\t<article id=\"portfolio-1201-69d8ce6e568d3\" class=\"grve-isotope-item grve-portfolio-item  post-1201 portfolio type-portfolio status-publish has-post-thumbnail hentry portfolio_category-2vans-nl\">\r\n\t\t\t\t\t\t<div class=\"grve-isotope-item-inner grve-hover-item grve-zoom-in grve-hover-style-4\">\t\t\t\t\t\t\t\t\t<figure class=\"grve-image-hover grve-media\">\r\n\t\t\t\t\t\t\t\t\t\t<a class=\"grve-item-url\" aria-label=\"Mercedes V Class\" href=\"https:\/\/tmslimousine.com\/nl\/portfolio\/mercedes-v-class\/\"><\/a>\t\t\t\t\t\t\t\t\t\t\t\t\t\t\t\t\t\t\t\t\t<div class=\"grve-bg-primary-1 grve-hover-overlay grve-opacity-0\"><\/div>\r\n\t\t\t\t\t\t\t\t\t\t\t\t\t\t\t\t\t\t\t\t<img loading=\"lazy\" decoding=\"async\" width=\"357\" height=\"386\" src=\"https:\/\/tmslimousine.com\/wp-content\/uploads\/2020\/01\/mercedes-minibus.jpg\" class=\"attachment-movedo-grve-small-square size-movedo-grve-small-square\" alt=\"Mercedes class V\" srcset=\"https:\/\/tmslimousine.com\/wp-content\/uploads\/2020\/01\/mercedes-minibus.jpg 357w, https:\/\/tmslimousine.com\/wp-content\/uploads\/2020\/01\/mercedes-minibus-277x300.jpg 277w\" sizes=\"(max-width: 357px) 100vw, 357px\" \/>\t\t\t\t\t\t\t\t\t\t\t\t\t\t\t\t\t\t\t\t<figcaption class=\"grve-content grve-align-center grve-box-item grve-bg-white\">\r\n\t\t\t\t\t\t\t\t\t\t\t\t\t\t\t\t\t\t\t\t\t\t\t\t\t\t\t\t\t\t\t\t\t<h3 class=\"grve-title grve-text-black grve-h4\">Mercedes V Class<\/h3>\r\n\t\t\t\t\t\t\t\t\t\t\t\t\t\t\t\t\t\t\t\t\t\t\t\t\t\t\t\t\t\t\t\t\t\t\t\t\t\t\t\t\t\t\t\t\t\t\t\t\t\t\t\t\t\t\t\t\t\t\t\t\t\t\t\t\t<\/figcaption>\r\n\t\t\t\t\t\t\t\t\t\t\t\t\t\t\t\t\t\t\t<\/figure>\r\n\t\t\t\t\t\t\t\t\t\t\t\t\t<\/div>\r\n\t\t\t\t\t<\/article>\r\n\t\t\t\t\t<article id=\"portfolio-1206-69d8ce6e57284\" class=\"grve-isotope-item grve-portfolio-item  post-1206 portfolio type-portfolio status-publish has-post-thumbnail hentry portfolio_category-3oldtimer-nl\">\r\n\t\t\t\t\t\t<div class=\"grve-isotope-item-inner grve-hover-item grve-zoom-in grve-hover-style-4\">\t\t\t\t\t\t\t\t\t<figure class=\"grve-image-hover grve-media\">\r\n\t\t\t\t\t\t\t\t\t\t<a class=\"grve-item-url\" aria-label=\"MERCEDES 280\" href=\"https:\/\/tmslimousine.com\/nl\/portfolio\/mercedes-280\/\"><\/a>\t\t\t\t\t\t\t\t\t\t\t\t\t\t\t\t\t\t\t\t\t<div class=\"grve-bg-primary-1 grve-hover-overlay grve-opacity-0\"><\/div>\r\n\t\t\t\t\t\t\t\t\t\t\t\t\t\t\t\t\t\t\t\t<img loading=\"lazy\" decoding=\"async\" width=\"357\" height=\"386\" src=\"https:\/\/tmslimousine.com\/wp-content\/uploads\/2020\/01\/mercedes-280.jpg\" class=\"attachment-movedo-grve-small-square size-movedo-grve-small-square\" alt=\"Mercedes S Blanche 280 SE 1968\" srcset=\"https:\/\/tmslimousine.com\/wp-content\/uploads\/2020\/01\/mercedes-280.jpg 357w, https:\/\/tmslimousine.com\/wp-content\/uploads\/2020\/01\/mercedes-280-277x300.jpg 277w\" sizes=\"(max-width: 357px) 100vw, 357px\" \/>\t\t\t\t\t\t\t\t\t\t\t\t\t\t\t\t\t\t\t\t<figcaption class=\"grve-content grve-align-center grve-box-item grve-bg-white\">\r\n\t\t\t\t\t\t\t\t\t\t\t\t\t\t\t\t\t\t\t\t\t\t\t\t\t\t\t\t\t\t\t\t\t<h3 class=\"grve-title grve-text-black grve-h4\">MERCEDES 280<\/h3>\r\n\t\t\t\t\t\t\t\t\t\t\t\t\t\t\t\t\t\t\t\t\t\t\t\t\t\t\t\t\t\t\t\t\t\t\t\t\t\t\t\t\t\t\t\t\t\t\t\t\t\t\t\t\t\t\t\t\t\t\t\t\t\t\t\t\t<\/figcaption>\r\n\t\t\t\t\t\t\t\t\t\t\t\t\t\t\t\t\t\t\t<\/figure>\r\n\t\t\t\t\t\t\t\t\t\t\t\t\t<\/div>\r\n\t\t\t\t\t<\/article>\r\n\t\t\t\t\t<article id=\"portfolio-1213-69d8ce6e57a58\" class=\"grve-isotope-item grve-portfolio-item  post-1213 portfolio type-portfolio status-publish has-post-thumbnail hentry portfolio_category-3oldtimer-nl\">\r\n\t\t\t\t\t\t<div class=\"grve-isotope-item-inner grve-hover-item grve-zoom-in grve-hover-style-4\">\t\t\t\t\t\t\t\t\t<figure class=\"grve-image-hover grve-media\">\r\n\t\t\t\t\t\t\t\t\t\t<a class=\"grve-item-url\" aria-label=\"ROLLS ROYCE\" href=\"https:\/\/tmslimousine.com\/nl\/portfolio\/rolls-royce\/\"><\/a>\t\t\t\t\t\t\t\t\t\t\t\t\t\t\t\t\t\t\t\t\t<div class=\"grve-bg-primary-1 grve-hover-overlay grve-opacity-0\"><\/div>\r\n\t\t\t\t\t\t\t\t\t\t\t\t\t\t\t\t\t\t\t\t<img loading=\"lazy\" decoding=\"async\" width=\"357\" height=\"386\" src=\"https:\/\/tmslimousine.com\/wp-content\/uploads\/2020\/01\/rolls.jpg\" class=\"attachment-movedo-grve-small-square size-movedo-grve-small-square\" alt=\"Rolls Royce Silver Spur 1984 Mon\u00e9gasque\" srcset=\"https:\/\/tmslimousine.com\/wp-content\/uploads\/2020\/01\/rolls.jpg 357w, https:\/\/tmslimousine.com\/wp-content\/uploads\/2020\/01\/rolls-277x300.jpg 277w\" sizes=\"(max-width: 357px) 100vw, 357px\" \/>\t\t\t\t\t\t\t\t\t\t\t\t\t\t\t\t\t\t\t\t<figcaption class=\"grve-content grve-align-center grve-box-item grve-bg-white\">\r\n\t\t\t\t\t\t\t\t\t\t\t\t\t\t\t\t\t\t\t\t\t\t\t\t\t\t\t\t\t\t\t\t\t<h3 class=\"grve-title grve-text-black grve-h4\">ROLLS ROYCE<\/h3>\r\n\t\t\t\t\t\t\t\t\t\t\t\t\t\t\t\t\t\t\t\t\t\t\t\t\t\t\t\t\t\t\t\t\t\t\t\t\t\t\t\t\t\t\t\t\t\t\t\t\t\t\t\t\t\t\t\t\t\t\t\t\t\t\t\t\t<\/figcaption>\r\n\t\t\t\t\t\t\t\t\t\t\t\t\t\t\t\t\t\t\t<\/figure>\r\n\t\t\t\t\t\t\t\t\t\t\t\t\t<\/div>\r\n\t\t\t\t\t<\/article>\r\n\t\t\t\t<\/div>\r\n\t\t\t<\/div>\r\n\r\n\t\t[\/vc_column][\/vc_row]<\/p>\n<\/section>","protected":false},"excerpt":{"rendered":"<p>[vc_row padding_top_multiplier=&#8221;3x&#8221; padding_bottom_multiplier=&#8221;&#8221; font_color=&#8221;#978050&#8243; el_class=&#8221;section_title vh_section&#8221;][vc_column text_align=&#8221;center&#8221; el_class=&#8221;blue-box&#8221; font_color=&#8221;#978050&#8243;][vc_column_text text_style=&#8221;leader-text&#8221; el_class=&#8221;text-black-bold&#8221;]TMS Limousine biedt u topklasse voertuigen[\/vc_column_text][\/vc_column][\/vc_row][vc_row padding_bottom_multiplier=&#8221;2x&#8221;][vc_column][vc_column_text] De voertuigen van onze vloot zijn erkend voor het vervoer van personen tegen betaling type \u201cLimousine\u201d en beantwoorden aan de vigerende wetgeving. Onze recente voertuigen zijn rookvrij en voorzien van alle veiligheidsapparatuur en technologische snufjes. Op eenvoudig verzoek [&hellip;]<\/p>\n","protected":false},"author":2,"featured_media":0,"parent":0,"menu_order":0,"comment_status":"closed","ping_status":"closed","template":"","meta":{"footnotes":""},"yoast_head":"<!-- This site is optimized with the Yoast SEO plugin v21.5 - https:\/\/yoast.com\/wordpress\/plugins\/seo\/ -->\n<title>Voertuigen - TMS Limousine<\/title>\n<meta name=\"description\" content=\"Nos v\u00e9hicules sont agr\u00e9\u00e9s pour le transport r\u00e9mun\u00e9r\u00e9 de personnes \u00ab Limousine \u00bb. D\u00e9couvrez nos voitures de luxe, nos minibus, et Odltimer.\" \/>\n<meta name=\"robots\" content=\"index, follow, max-snippet:-1, max-image-preview:large, max-video-preview:-1\" \/>\n<link rel=\"canonical\" href=\"https:\/\/tmslimousine.com\/nl\/voertuigen\/\" \/>\n<meta property=\"og:locale\" content=\"nl_NL\" \/>\n<meta property=\"og:type\" content=\"article\" \/>\n<meta property=\"og:title\" content=\"Voertuigen - TMS Limousine\" \/>\n<meta property=\"og:description\" content=\"Nos v\u00e9hicules sont agr\u00e9\u00e9s pour le transport r\u00e9mun\u00e9r\u00e9 de personnes \u00ab Limousine \u00bb. D\u00e9couvrez nos voitures de luxe, nos minibus, et Odltimer.\" \/>\n<meta property=\"og:url\" content=\"https:\/\/tmslimousine.com\/nl\/voertuigen\/\" \/>\n<meta property=\"og:site_name\" content=\"TMS Limousine\" \/>\n<meta property=\"article:modified_time\" content=\"2021-02-02T13:51:37+00:00\" \/>\n<meta name=\"twitter:card\" content=\"summary_large_image\" \/>\n<meta name=\"twitter:label1\" content=\"Geschatte leestijd\" \/>\n\t<meta name=\"twitter:data1\" content=\"1 minuut\" \/>\n<script type=\"application\/ld+json\" class=\"yoast-schema-graph\">{\"@context\":\"https:\/\/schema.org\",\"@graph\":[{\"@type\":\"WebPage\",\"@id\":\"https:\/\/tmslimousine.com\/nl\/voertuigen\/\",\"url\":\"https:\/\/tmslimousine.com\/nl\/voertuigen\/\",\"name\":\"Voertuigen - TMS Limousine\",\"isPartOf\":{\"@id\":\"https:\/\/tmslimousine.com\/#website\"},\"datePublished\":\"2019-12-19T14:29:59+00:00\",\"dateModified\":\"2021-02-02T13:51:37+00:00\",\"description\":\"Nos v\u00e9hicules sont agr\u00e9\u00e9s pour le transport r\u00e9mun\u00e9r\u00e9 de personnes \u00ab Limousine \u00bb. D\u00e9couvrez nos voitures de luxe, nos minibus, et Odltimer.\",\"breadcrumb\":{\"@id\":\"https:\/\/tmslimousine.com\/nl\/voertuigen\/#breadcrumb\"},\"inLanguage\":\"nl-NL\",\"potentialAction\":[{\"@type\":\"ReadAction\",\"target\":[\"https:\/\/tmslimousine.com\/nl\/voertuigen\/\"]}]},{\"@type\":\"BreadcrumbList\",\"@id\":\"https:\/\/tmslimousine.com\/nl\/voertuigen\/#breadcrumb\",\"itemListElement\":[{\"@type\":\"ListItem\",\"position\":1,\"name\":\"Accueil\",\"item\":\"https:\/\/tmslimousine.com\/nl\/\"},{\"@type\":\"ListItem\",\"position\":2,\"name\":\"Voertuigen\"}]},{\"@type\":\"WebSite\",\"@id\":\"https:\/\/tmslimousine.com\/#website\",\"url\":\"https:\/\/tmslimousine.com\/\",\"name\":\"TMS Limousine\",\"description\":\"Sp\u00e9cialis\u00e9e dans la location de v\u00e9hicules haut de gamme\",\"publisher\":{\"@id\":\"https:\/\/tmslimousine.com\/#organization\"},\"potentialAction\":[{\"@type\":\"SearchAction\",\"target\":{\"@type\":\"EntryPoint\",\"urlTemplate\":\"https:\/\/tmslimousine.com\/?s={search_term_string}\"},\"query-input\":\"required name=search_term_string\"}],\"inLanguage\":\"nl-NL\"},{\"@type\":\"Organization\",\"@id\":\"https:\/\/tmslimousine.com\/#organization\",\"name\":\"TMS Limousine\",\"url\":\"https:\/\/tmslimousine.com\/\",\"logo\":{\"@type\":\"ImageObject\",\"inLanguage\":\"nl-NL\",\"@id\":\"https:\/\/tmslimousine.com\/#\/schema\/logo\/image\/\",\"url\":\"https:\/\/tmslimousine.com\/wp-content\/uploads\/2020\/11\/horizontal-logo-blue-260.png\",\"contentUrl\":\"https:\/\/tmslimousine.com\/wp-content\/uploads\/2020\/11\/horizontal-logo-blue-260.png\",\"width\":1385,\"height\":260,\"caption\":\"TMS Limousine\"},\"image\":{\"@id\":\"https:\/\/tmslimousine.com\/#\/schema\/logo\/image\/\"}}]}<\/script>\n<!-- \/ Yoast SEO plugin. -->","yoast_head_json":{"title":"Voertuigen - TMS Limousine","description":"Nos v\u00e9hicules sont agr\u00e9\u00e9s pour le transport r\u00e9mun\u00e9r\u00e9 de personnes \u00ab Limousine \u00bb. D\u00e9couvrez nos voitures de luxe, nos minibus, et Odltimer.","robots":{"index":"index","follow":"follow","max-snippet":"max-snippet:-1","max-image-preview":"max-image-preview:large","max-video-preview":"max-video-preview:-1"},"canonical":"https:\/\/tmslimousine.com\/nl\/voertuigen\/","og_locale":"nl_NL","og_type":"article","og_title":"Voertuigen - TMS Limousine","og_description":"Nos v\u00e9hicules sont agr\u00e9\u00e9s pour le transport r\u00e9mun\u00e9r\u00e9 de personnes \u00ab Limousine \u00bb. D\u00e9couvrez nos voitures de luxe, nos minibus, et Odltimer.","og_url":"https:\/\/tmslimousine.com\/nl\/voertuigen\/","og_site_name":"TMS Limousine","article_modified_time":"2021-02-02T13:51:37+00:00","twitter_card":"summary_large_image","twitter_misc":{"Geschatte leestijd":"1 minuut"},"schema":{"@context":"https:\/\/schema.org","@graph":[{"@type":"WebPage","@id":"https:\/\/tmslimousine.com\/nl\/voertuigen\/","url":"https:\/\/tmslimousine.com\/nl\/voertuigen\/","name":"Voertuigen - TMS Limousine","isPartOf":{"@id":"https:\/\/tmslimousine.com\/#website"},"datePublished":"2019-12-19T14:29:59+00:00","dateModified":"2021-02-02T13:51:37+00:00","description":"Nos v\u00e9hicules sont agr\u00e9\u00e9s pour le transport r\u00e9mun\u00e9r\u00e9 de personnes \u00ab Limousine \u00bb. D\u00e9couvrez nos voitures de luxe, nos minibus, et Odltimer.","breadcrumb":{"@id":"https:\/\/tmslimousine.com\/nl\/voertuigen\/#breadcrumb"},"inLanguage":"nl-NL","potentialAction":[{"@type":"ReadAction","target":["https:\/\/tmslimousine.com\/nl\/voertuigen\/"]}]},{"@type":"BreadcrumbList","@id":"https:\/\/tmslimousine.com\/nl\/voertuigen\/#breadcrumb","itemListElement":[{"@type":"ListItem","position":1,"name":"Accueil","item":"https:\/\/tmslimousine.com\/nl\/"},{"@type":"ListItem","position":2,"name":"Voertuigen"}]},{"@type":"WebSite","@id":"https:\/\/tmslimousine.com\/#website","url":"https:\/\/tmslimousine.com\/","name":"TMS Limousine","description":"Sp\u00e9cialis\u00e9e dans la location de v\u00e9hicules haut de gamme","publisher":{"@id":"https:\/\/tmslimousine.com\/#organization"},"potentialAction":[{"@type":"SearchAction","target":{"@type":"EntryPoint","urlTemplate":"https:\/\/tmslimousine.com\/?s={search_term_string}"},"query-input":"required name=search_term_string"}],"inLanguage":"nl-NL"},{"@type":"Organization","@id":"https:\/\/tmslimousine.com\/#organization","name":"TMS Limousine","url":"https:\/\/tmslimousine.com\/","logo":{"@type":"ImageObject","inLanguage":"nl-NL","@id":"https:\/\/tmslimousine.com\/#\/schema\/logo\/image\/","url":"https:\/\/tmslimousine.com\/wp-content\/uploads\/2020\/11\/horizontal-logo-blue-260.png","contentUrl":"https:\/\/tmslimousine.com\/wp-content\/uploads\/2020\/11\/horizontal-logo-blue-260.png","width":1385,"height":260,"caption":"TMS Limousine"},"image":{"@id":"https:\/\/tmslimousine.com\/#\/schema\/logo\/image\/"}}]}},"_links":{"self":[{"href":"https:\/\/tmslimousine.com\/nl\/wp-json\/wp\/v2\/pages\/1123"}],"collection":[{"href":"https:\/\/tmslimousine.com\/nl\/wp-json\/wp\/v2\/pages"}],"about":[{"href":"https:\/\/tmslimousine.com\/nl\/wp-json\/wp\/v2\/types\/page"}],"author":[{"embeddable":true,"href":"https:\/\/tmslimousine.com\/nl\/wp-json\/wp\/v2\/users\/2"}],"replies":[{"embeddable":true,"href":"https:\/\/tmslimousine.com\/nl\/wp-json\/wp\/v2\/comments?post=1123"}],"version-history":[{"count":0,"href":"https:\/\/tmslimousine.com\/nl\/wp-json\/wp\/v2\/pages\/1123\/revisions"}],"wp:attachment":[{"href":"https:\/\/tmslimousine.com\/nl\/wp-json\/wp\/v2\/media?parent=1123"}],"curies":[{"name":"wp","href":"https:\/\/api.w.org\/{rel}","templated":true}]}}